{"id":1370,"date":"2020-01-02T09:28:08","date_gmt":"2020-01-02T09:28:08","guid":{"rendered":"http:\/\/wpdemo.archiwp.com\/engitech\/?page_id=1370"},"modified":"2024-12-13T07:34:41","modified_gmt":"2024-12-13T07:34:41","slug":"lien-he","status":"publish","type":"page","link":"https:\/\/bentic.com\/vi\/lien-he\/","title":{"rendered":"Li\u00ean h\u1ec7"},"content":{"rendered":"\t\t<div data-elementor-type=\"wp-page\" data-elementor-id=\"1370\" class=\"elementor elementor-1370\">\n\t\t\t\t\t\t<section class=\"elementor-section elementor-top-section elementor-element elementor-element-8c1b6b2 elementor-section-content-middle ot-traditional elementor-section-boxed elementor-section-height-default elementor-section-height-default\" data-id=\"8c1b6b2\" data-element_type=\"section\">\n\t\t\t\t\t\t<div class=\"elementor-container elementor-column-gap-extended\">\n\t\t\t\t\t<div class=\"elementor-column elementor-col-50 elementor-top-column elementor-element elementor-element-8416bc3 ot-flex-column-vertical\" data-id=\"8416bc3\" data-element_type=\"column\">\n\t\t\t<div class=\"elementor-widget-wrap elementor-element-populated\">\n\t\t\t\t\t\t<div class=\"elementor-element elementor-element-d735292 elementor-widget elementor-widget-iheading\" data-id=\"d735292\" data-element_type=\"widget\" data-widget_type=\"iheading.default\">\n\t\t\t\t<div class=\"elementor-widget-container\">\n\t\t\t\t\t<div class=\"ot-heading\">\r\n\t        \t            <span>\/\/ B\u1ea1n c\u00f3 th\u1eafc m\u1eafc<\/span>\r\n\t        <h2 class=\"main-heading\">H\u00e3y li\u00ean h\u1ec7 <br>\n cho ch\u00fang t\u00f4i<\/h2>\t    <\/div>\r\n\t    \t\t<\/div>\n\t\t\t\t<\/div>\n\t\t\t\t<div class=\"elementor-element elementor-element-d1b9e95 elementor-widget elementor-widget-text-editor\" data-id=\"d1b9e95\" data-element_type=\"widget\" data-widget_type=\"text-editor.default\">\n\t\t\t\t<div class=\"elementor-widget-container\">\n\t\t\t\t\t\t\t<div class=\"flex max-w-full flex-col flex-grow\"><div class=\"min-h-8 text-message flex w-full flex-col items-end gap-2 whitespace-normal break-words text-start [.text-message+&amp;]:mt-5\" dir=\"auto\" data-message-author-role=\"assistant\" data-message-id=\"3a4d678a-4c16-4572-8155-1a5566f180ce\" data-message-model-slug=\"gpt-4o\"><div class=\"flex w-full flex-col gap-1 empty:hidden first:pt-[3px]\"><div class=\"markdown prose w-full break-words dark:prose-invert light\"><p>Ch\u00fang t\u00f4i lu\u00f4n c\u1ed1 g\u1eafng gi\u1ea3i \u0111\u00e1p m\u1ecdi th\u1eafc m\u1eafc trong v\u00f2ng 24 gi\u1edd v\u00e0o c\u00e1c ng\u00e0y l\u00e0m vi\u1ec7c. Ch\u00fang t\u00f4i r\u1ea5t vui \u0111\u01b0\u1ee3c h\u1ed7 tr\u1ee3 b\u1ea1n.<\/p><\/div><\/div><\/div><\/div>\t\t\t\t\t\t<\/div>\n\t\t\t\t<\/div>\n\t\t\t\t<div class=\"elementor-element elementor-element-b59a336 elementor-widget elementor-widget-icontact_info\" data-id=\"b59a336\" data-element_type=\"widget\" data-widget_type=\"icontact_info.default\">\n\t\t\t\t<div class=\"elementor-widget-container\">\n\t\t\t\t\t\t\t\t    \t<div class=\"contact-info box-style1\">\r\n\t\t\t\t\t\t\t\t    \t\t        <i class=\"flaticon-world-globe\"><\/i>\t\t\t        <div class=\"info-text\">\r\n\t\t\t        \t<h6>V\u0103n ph\u00f2ng H\u00e0 N\u1ed9i<\/h6>\r\n\t\t\t        \t<p>43 Gi\u1ea3ng V\u00f5, C\u00e1t Linh, \u0110\u1ed1ng \u0110a<\/p>\r\n\t\t\t        <\/div>\r\n\t\t\t    <\/div>\r\n\t\t    \t    \t\t<\/div>\n\t\t\t\t<\/div>\n\t\t\t\t<div class=\"elementor-element elementor-element-4c90f57 elementor-widget elementor-widget-icontact_info\" data-id=\"4c90f57\" data-element_type=\"widget\" data-widget_type=\"icontact_info.default\">\n\t\t\t\t<div class=\"elementor-widget-container\">\n\t\t\t\t\t\t\t\t    \t<div class=\"contact-info box-style1\">\r\n\t\t\t\t\t\t\t\t    \t\t        <i class=\"flaticon-envelope\"><\/i>\t\t\t        <div class=\"info-text\">\r\n\t\t\t        \t<h6>Email:<\/h6>\r\n\t\t\t        \t<p>contact@bentic.com<\/p>\r\n\t\t\t        <\/div>\r\n\t\t\t    <\/div>\r\n\t\t    \t    \t\t<\/div>\n\t\t\t\t<\/div>\n\t\t\t\t<div class=\"elementor-element elementor-element-a59e635 elementor-widget elementor-widget-icontact_info\" data-id=\"a59e635\" data-element_type=\"widget\" data-widget_type=\"icontact_info.default\">\n\t\t\t\t<div class=\"elementor-widget-container\">\n\t\t\t\t\t\t\t\t    \t<div class=\"contact-info box-style1\">\r\n\t\t\t\t\t\t\t\t    \t\t        <i class=\"flaticon-phone-1\"><\/i>\t\t\t        <div class=\"info-text\">\r\n\t\t\t        \t<h6>Hotline:<\/h6>\r\n\t\t\t        \t<p>1900.2699<\/p>\r\n\t\t\t        <\/div>\r\n\t\t\t    <\/div>\r\n\t\t    \t    \t\t<\/div>\n\t\t\t\t<\/div>\n\t\t\t\t\t<\/div>\n\t\t<\/div>\n\t\t\t\t<div class=\"elementor-column elementor-col-50 elementor-top-column elementor-element elementor-element-add1e18 ot-flex-column-vertical\" data-id=\"add1e18\" data-element_type=\"column\">\n\t\t\t<div class=\"elementor-widget-wrap elementor-element-populated\">\n\t\t\t\t\t\t<div class=\"elementor-element elementor-element-5c60825 elementor-widget elementor-widget-shortcode\" data-id=\"5c60825\" data-element_type=\"widget\" data-widget_type=\"shortcode.default\">\n\t\t\t\t<div class=\"elementor-widget-container\">\n\t\t\t\t\t<div class=\"elementor-shortcode\">\n<div class=\"wpcf7 no-js\" id=\"wpcf7-f1379-o1\" lang=\"en-US\" dir=\"ltr\" data-wpcf7-id=\"1379\">\n<div class=\"screen-reader-response\"><p role=\"status\" aria-live=\"polite\" aria-atomic=\"true\"><\/p> <ul><\/ul><\/div>\n<form action=\"\/vi\/wp-json\/wp\/v2\/pages\/1370#wpcf7-f1379-o1\" method=\"post\" class=\"wpcf7-form init\" aria-label=\"Contact form\" novalidate=\"novalidate\" data-status=\"init\">\n<div style=\"display: none;\">\n<input type=\"hidden\" name=\"_wpcf7\" value=\"1379\" \/>\n<input type=\"hidden\" name=\"_wpcf7_version\" value=\"6.0.1\" \/>\n<input type=\"hidden\" name=\"_wpcf7_locale\" value=\"en_US\" \/>\n<input type=\"hidden\" name=\"_wpcf7_unit_tag\" value=\"wpcf7-f1379-o1\" \/>\n<input type=\"hidden\" name=\"_wpcf7_container_post\" value=\"0\" \/>\n<input type=\"hidden\" name=\"_wpcf7_posted_data_hash\" value=\"\" \/>\n<\/div>\n<div class=\"main-form\">\n\t<h2>G\u1eedi l\u1eddi nh\u1eafn cho ch\u00fang t\u00f4i?\n\t<\/h2>\n\t<p class=\"font14\">\u0110\u1ecba ch\u1ec9 email c\u1ee7a b\u1ea1n \u0111\u01b0\u1ee3c b\u1ea3o m\u1eadt. C\u00e1c tr\u01b0\u1eddng b\u1eaft bu\u1ed9c \u0111\u01b0\u1ee3c \u0111\u00e1nh d\u1ea5u *\n\t<\/p>\n\t<p><span class=\"wpcf7-form-control-wrap\" data-name=\"your-name\"><input size=\"40\" maxlength=\"400\" class=\"wpcf7-form-control wpcf7-text wpcf7-validates-as-required\" aria-required=\"true\" aria-invalid=\"false\" placeholder=\"H\u1ecd &amp; T\u00ean *\" value=\"\" type=\"text\" name=\"your-name\" \/><\/span>\n\t<\/p>\n\t<p><span class=\"wpcf7-form-control-wrap\" data-name=\"your-email\"><input size=\"40\" maxlength=\"400\" class=\"wpcf7-form-control wpcf7-email wpcf7-validates-as-required wpcf7-text wpcf7-validates-as-email\" aria-required=\"true\" aria-invalid=\"false\" placeholder=\"Email *\" value=\"\" type=\"email\" name=\"your-email\" \/><\/span>\n\t<\/p>\n\t<p><span class=\"wpcf7-form-control-wrap\" data-name=\"your-message\"><textarea cols=\"40\" rows=\"10\" maxlength=\"2000\" class=\"wpcf7-form-control wpcf7-textarea\" aria-invalid=\"false\" placeholder=\"L\u1eddi nh\u1eafn...\" name=\"your-message\"><\/textarea><\/span>\n\t<\/p>\n\t<p><button type=\"submit\" class=\"octf-btn octf-btn-light\">G\u1eedi l\u1eddi nh\u1eafn<\/button>\n\t<\/p>\n<\/div><p style=\"display: none !important;\" class=\"akismet-fields-container\" data-prefix=\"_wpcf7_ak_\"><label>&#916;<textarea name=\"_wpcf7_ak_hp_textarea\" cols=\"45\" rows=\"8\" maxlength=\"100\"><\/textarea><\/label><input type=\"hidden\" id=\"ak_js_1\" name=\"_wpcf7_ak_js\" value=\"162\"\/><script>document.getElementById( \"ak_js_1\" ).setAttribute( \"value\", ( new Date() ).getTime() );<\/script><\/p><div class=\"wpcf7-response-output\" aria-hidden=\"true\"><\/div>\n<\/form>\n<\/div>\n<\/div>\n\t\t\t\t<\/div>\n\t\t\t\t<\/div>\n\t\t\t\t\t<\/div>\n\t\t<\/div>\n\t\t\t\t\t<\/div>\n\t\t<\/section>\n\t\t\t\t<section class=\"elementor-section elementor-top-section elementor-element elementor-element-aba0bc8 elementor-section-full_width ot-traditional elementor-section-height-default elementor-section-height-default\" data-id=\"aba0bc8\" data-element_type=\"section\">\n\t\t\t\t\t\t<div class=\"elementor-container elementor-column-gap-default\">\n\t\t\t\t\t<div class=\"elementor-column elementor-col-100 elementor-top-column elementor-element elementor-element-aa84c84 ot-flex-column-vertical\" data-id=\"aa84c84\" data-element_type=\"column\">\n\t\t\t<div class=\"elementor-widget-wrap elementor-element-populated\">\n\t\t\t\t\t\t<div class=\"elementor-element elementor-element-1952363 elementor-widget elementor-widget-google_maps\" data-id=\"1952363\" data-element_type=\"widget\" data-widget_type=\"google_maps.default\">\n\t\t\t\t<div class=\"elementor-widget-container\">\n\t\t\t\t\t<div class=\"elementor-custom-embed\">\n\t\t\t<iframe loading=\"lazy\"\n\t\t\t\t\tsrc=\"https:\/\/maps.google.com\/maps?q=43%20Gi%E1%BA%A3ng%20V%C3%B5%2C%20C%C3%A1t%20Linh%2C%20%C4%90%E1%BB%91ng%20%C4%90a%2C%20H%C3%A0%20N%E1%BB%99i&#038;t=m&#038;z=10&#038;output=embed&#038;iwloc=near\"\n\t\t\t\t\ttitle=\"43 Gi\u1ea3ng V\u00f5, C\u00e1t Linh, \u0110\u1ed1ng \u0110a, H\u00e0 N\u1ed9i\"\n\t\t\t\t\taria-label=\"43 Gi\u1ea3ng V\u00f5, C\u00e1t Linh, \u0110\u1ed1ng \u0110a, H\u00e0 N\u1ed9i\"\n\t\t\t><\/iframe>\n\t\t<\/div>\n\t\t\t\t<\/div>\n\t\t\t\t<\/div>\n\t\t\t\t\t<\/div>\n\t\t<\/div>\n\t\t\t\t\t<\/div>\n\t\t<\/section>\n\t\t\t\t<\/div>\n\t\t","protected":false},"excerpt":{"rendered":"<p>\/\/ B\u1ea1n c\u00f3 th\u1eafc m\u1eafc H\u00e3y li\u00ean h\u1ec7 cho ch\u00fang t\u00f4i Ch\u00fang t\u00f4i lu\u00f4n c\u1ed1 g\u1eafng gi\u1ea3i \u0111\u00e1p m\u1ecdi th\u1eafc m\u1eafc trong v\u00f2ng 24 gi\u1edd v\u00e0o c\u00e1c ng\u00e0y l\u00e0m vi\u1ec7c. Ch\u00fang t\u00f4i r\u1ea5t vui \u0111\u01b0\u1ee3c h\u1ed7 tr\u1ee3 b\u1ea1n. V\u0103n ph\u00f2ng H\u00e0 N\u1ed9i 43 Gi\u1ea3ng V\u00f5, C\u00e1t Linh, \u0110\u1ed1ng \u0110a Email: contact@bentic.com Hotline: 1900.2699<\/p>\n","protected":false},"author":1,"featured_media":0,"parent":0,"menu_order":0,"comment_status":"closed","ping_status":"closed","template":"","meta":{"footnotes":""},"class_list":["post-1370","page","type-page","status-publish","hentry"],"yoast_head":"<!-- This site is optimized with the Yoast SEO plugin v24.1 - https:\/\/yoast.com\/wordpress\/plugins\/seo\/ -->\n<title>Li\u00ean h\u1ec7<\/title>\n<meta name=\"robots\" content=\"noindex, follow, max-snippet:-1, max-image-preview:large, max-video-preview:-1\" \/>\n<meta property=\"og:locale\" content=\"vi_VN\" \/>\n<meta property=\"og:type\" content=\"article\" \/>\n<meta property=\"og:title\" content=\"Li\u00ean h\u1ec7\" \/>\n<meta property=\"og:description\" content=\"\/\/ B\u1ea1n c\u00f3 th\u1eafc m\u1eafc H\u00e3y li\u00ean h\u1ec7 cho ch\u00fang t\u00f4i Ch\u00fang t\u00f4i lu\u00f4n c\u1ed1 g\u1eafng gi\u1ea3i \u0111\u00e1p m\u1ecdi th\u1eafc m\u1eafc trong v\u00f2ng 24 gi\u1edd v\u00e0o c\u00e1c ng\u00e0y l\u00e0m vi\u1ec7c. Ch\u00fang t\u00f4i r\u1ea5t vui \u0111\u01b0\u1ee3c h\u1ed7 tr\u1ee3 b\u1ea1n. V\u0103n ph\u00f2ng H\u00e0 N\u1ed9i 43 Gi\u1ea3ng V\u00f5, C\u00e1t Linh, \u0110\u1ed1ng \u0110a Email: contact@bentic.com Hotline: 1900.2699\" \/>\n<meta property=\"og:url\" content=\"https:\/\/bentic.com\/vi\/lien-he\/\" \/>\n<meta property=\"og:site_name\" content=\"Bentic\" \/>\n<meta property=\"article:modified_time\" content=\"2024-12-13T07:34:41+00:00\" \/>\n<meta name=\"twitter:card\" content=\"summary_large_image\" \/>\n<meta name=\"twitter:label1\" content=\"Est. reading time\" \/>\n\t<meta name=\"twitter:data1\" content=\"1 minute\" \/>\n<script type=\"application\/ld+json\" class=\"yoast-schema-graph\">{\"@context\":\"https:\/\/schema.org\",\"@graph\":[{\"@type\":\"WebPage\",\"@id\":\"https:\/\/bentic.com\/vi\/lien-he\/\",\"url\":\"https:\/\/bentic.com\/vi\/lien-he\/\",\"name\":\"Li\u00ean h\u1ec7\",\"isPartOf\":{\"@id\":\"https:\/\/bentic.com\/vi\/#website\"},\"datePublished\":\"2020-01-02T09:28:08+00:00\",\"dateModified\":\"2024-12-13T07:34:41+00:00\",\"breadcrumb\":{\"@id\":\"https:\/\/bentic.com\/vi\/lien-he\/#breadcrumb\"},\"inLanguage\":\"vi-VN\",\"potentialAction\":[{\"@type\":\"ReadAction\",\"target\":[\"https:\/\/bentic.com\/vi\/lien-he\/\"]}]},{\"@type\":\"BreadcrumbList\",\"@id\":\"https:\/\/bentic.com\/vi\/lien-he\/#breadcrumb\",\"itemListElement\":[{\"@type\":\"ListItem\",\"position\":1,\"name\":\"Trang ch\u1ee7\",\"item\":\"https:\/\/bentic.com\/vi\/\"},{\"@type\":\"ListItem\",\"position\":2,\"name\":\"Li\u00ean h\u1ec7\"}]},{\"@type\":\"WebSite\",\"@id\":\"https:\/\/bentic.com\/vi\/#website\",\"url\":\"https:\/\/bentic.com\/vi\/\",\"name\":\"Bentic\",\"description\":\"\",\"potentialAction\":[{\"@type\":\"SearchAction\",\"target\":{\"@type\":\"EntryPoint\",\"urlTemplate\":\"https:\/\/bentic.com\/vi\/?s={search_term_string}\"},\"query-input\":{\"@type\":\"PropertyValueSpecification\",\"valueRequired\":true,\"valueName\":\"search_term_string\"}}],\"inLanguage\":\"vi-VN\"}]}<\/script>\n<!-- \/ Yoast SEO plugin. -->","yoast_head_json":{"title":"Li\u00ean h\u1ec7","robots":{"index":"noindex","follow":"follow","max-snippet":"max-snippet:-1","max-image-preview":"max-image-preview:large","max-video-preview":"max-video-preview:-1"},"og_locale":"vi_VN","og_type":"article","og_title":"Li\u00ean h\u1ec7","og_description":"\/\/ B\u1ea1n c\u00f3 th\u1eafc m\u1eafc H\u00e3y li\u00ean h\u1ec7 cho ch\u00fang t\u00f4i Ch\u00fang t\u00f4i lu\u00f4n c\u1ed1 g\u1eafng gi\u1ea3i \u0111\u00e1p m\u1ecdi th\u1eafc m\u1eafc trong v\u00f2ng 24 gi\u1edd v\u00e0o c\u00e1c ng\u00e0y l\u00e0m vi\u1ec7c. Ch\u00fang t\u00f4i r\u1ea5t vui \u0111\u01b0\u1ee3c h\u1ed7 tr\u1ee3 b\u1ea1n. V\u0103n ph\u00f2ng H\u00e0 N\u1ed9i 43 Gi\u1ea3ng V\u00f5, C\u00e1t Linh, \u0110\u1ed1ng \u0110a Email: contact@bentic.com Hotline: 1900.2699","og_url":"https:\/\/bentic.com\/vi\/lien-he\/","og_site_name":"Bentic","article_modified_time":"2024-12-13T07:34:41+00:00","twitter_card":"summary_large_image","twitter_misc":{"Est. reading time":"1 minute"},"schema":{"@context":"https:\/\/schema.org","@graph":[{"@type":"WebPage","@id":"https:\/\/bentic.com\/vi\/lien-he\/","url":"https:\/\/bentic.com\/vi\/lien-he\/","name":"Li\u00ean h\u1ec7","isPartOf":{"@id":"https:\/\/bentic.com\/vi\/#website"},"datePublished":"2020-01-02T09:28:08+00:00","dateModified":"2024-12-13T07:34:41+00:00","breadcrumb":{"@id":"https:\/\/bentic.com\/vi\/lien-he\/#breadcrumb"},"inLanguage":"vi-VN","potentialAction":[{"@type":"ReadAction","target":["https:\/\/bentic.com\/vi\/lien-he\/"]}]},{"@type":"BreadcrumbList","@id":"https:\/\/bentic.com\/vi\/lien-he\/#breadcrumb","itemListElement":[{"@type":"ListItem","position":1,"name":"Trang ch\u1ee7","item":"https:\/\/bentic.com\/vi\/"},{"@type":"ListItem","position":2,"name":"Li\u00ean h\u1ec7"}]},{"@type":"WebSite","@id":"https:\/\/bentic.com\/vi\/#website","url":"https:\/\/bentic.com\/vi\/","name":"Bentic","description":"","potentialAction":[{"@type":"SearchAction","target":{"@type":"EntryPoint","urlTemplate":"https:\/\/bentic.com\/vi\/?s={search_term_string}"},"query-input":{"@type":"PropertyValueSpecification","valueRequired":true,"valueName":"search_term_string"}}],"inLanguage":"vi-VN"}]}},"_links":{"self":[{"href":"https:\/\/bentic.com\/vi\/wp-json\/wp\/v2\/pages\/1370","targetHints":{"allow":["GET"]}}],"collection":[{"href":"https:\/\/bentic.com\/vi\/wp-json\/wp\/v2\/pages"}],"about":[{"href":"https:\/\/bentic.com\/vi\/wp-json\/wp\/v2\/types\/page"}],"author":[{"embeddable":true,"href":"https:\/\/bentic.com\/vi\/wp-json\/wp\/v2\/users\/1"}],"replies":[{"embeddable":true,"href":"https:\/\/bentic.com\/vi\/wp-json\/wp\/v2\/comments?post=1370"}],"version-history":[{"count":10,"href":"https:\/\/bentic.com\/vi\/wp-json\/wp\/v2\/pages\/1370\/revisions"}],"predecessor-version":[{"id":6166,"href":"https:\/\/bentic.com\/vi\/wp-json\/wp\/v2\/pages\/1370\/revisions\/6166"}],"wp:attachment":[{"href":"https:\/\/bentic.com\/vi\/wp-json\/wp\/v2\/media?parent=1370"}],"curies":[{"name":"wp","href":"https:\/\/api.w.org\/{rel}","templated":true}]}}